{"id":838,"date":"2020-09-22T09:37:10","date_gmt":"2020-09-22T07:37:10","guid":{"rendered":"http:\/\/www.escapadebretonne.com\/accueil\/"},"modified":"2020-10-16T11:32:49","modified_gmt":"2020-10-16T09:32:49","slug":"accueil","status":"publish","type":"page","link":"https:\/\/www.escapadebretonne.com\/en\/","title":{"rendered":"Accueil"},"content":{"rendered":"<section id=\"section-5f69c52867c17\"\" class=\"section bg-white\" \/><div class=\"container full\"><h1 class=\"element section-title center w-50\">4 Bed and Breakfast in Brittany<\/h1><div class=\"element section-title center w-50\">on the pink granite coast in Lannion Perros-Guirec<\/div><div class=\"element bloc-text center w-80\">\n\t<p>In Lannion, on the Pink Granite Coast, between Perros-Guirec, Tr\u00e9gastel, Pleumeur-Bodou, Tr\u00e9beurden, Tr\u00e9guier and Paimpol, in the C\u00f4tes d&#8217;Armor, in Northern Brittany.<br \/>\nWe will be delighted to welcome you in vacation accommodation or during your escapades in our 4 guest rooms (the Champ\u00eatre room, the Marine room, the Ailleurs room and the family room &#8220;la petite maison&#8221; for 2-3-4 people).<br \/>\nIf you need to decompress for a night, a weekend or a week ;<br \/>\nIf you feel like a relaxing but intoxicating and lively vacation with our beautiful and diverse landscapes;<\/p>\n<p>Come to sleep in a pleasant and comfortable guest room between sea and river, between &#8220;mountain&#8221; and countryside.<\/p>\n<\/div><ul class=\"liste-de-page\"><li class=\"element call-to-action \"><a href=\"https:\/\/www.escapadebretonne.com\/en\/our-guest-rooms\/\"  class=\"call-to-action_link\" title=\"Learn more about our guest rooms\"><div class=\"call-to-action_image\"><img decoding=\"async\" src=\"https:\/\/www.escapadebretonne.com\/wp-content\/uploads\/2020\/10\/chambre-hote-cote-armor-100x83.jpg\" data-src=\"https:\/\/www.escapadebretonne.com\/wp-content\/uploads\/2020\/10\/chambre-hote-cote-armor.jpg\" alt=\"\" class=\"big\" \/><\/div><div class=\"call-to-action_contenu\"><div class=\"call-to-action_titre\">Our guest rooms<\/div><\/div><\/a><\/li><li class=\"element call-to-action \"><a href=\"https:\/\/www.escapadebretonne.com\/en\/bed-and-breakfast-services\/\"  class=\"call-to-action_link\" title=\"Learn more about our services\"><div class=\"call-to-action_image\"><img decoding=\"async\" src=\"https:\/\/www.escapadebretonne.com\/wp-content\/uploads\/2020\/10\/Croissants-petit-dejeuner-gite-100x83.jpg\" data-src=\"https:\/\/www.escapadebretonne.com\/wp-content\/uploads\/2020\/10\/Croissants-petit-dejeuner-gite.jpg\" alt=\"\" class=\"big\" \/><\/div><div class=\"call-to-action_contenu\"><div class=\"call-to-action_titre\">Our services<\/div><\/div><\/a><\/li><li class=\"element call-to-action \"><a href=\"https:\/\/www.escapadebretonne.com\/en\/prices-bed-and-breakfast\/\"  class=\"call-to-action_link\" title=\"Learn more about our rates\"><div class=\"call-to-action_image\"><img decoding=\"async\" src=\"https:\/\/www.escapadebretonne.com\/wp-content\/uploads\/2020\/10\/terasse-gite-100x83.jpg\" data-src=\"https:\/\/www.escapadebretonne.com\/wp-content\/uploads\/2020\/10\/terasse-gite.jpg\" alt=\"terasse gite\" class=\"big\" \/><\/div><div class=\"call-to-action_contenu\"><div class=\"call-to-action_titre\">Our rates<\/div><\/div><\/a><\/li><\/ul><\/div><\/section>\n\n<section id=\"section-5f69e4624a918\"\" class=\"section bg-black section--has-bg-img\" \/><img decoding=\"async\" src=\"https:\/\/www.escapadebretonne.com\/wp-content\/uploads\/2020\/09\/gite-bretagne-100x56.jpg\" data-src=\"https:\/\/www.escapadebretonne.com\/wp-content\/uploads\/2020\/09\/gite-bretagne.jpg\" alt=\"gite bretagne\" class=\"section_bg-img\" data-opacite=\"0.2\"\/><div class=\"container full\"><h2 class=\"element section-title center white\">Our services in C\u00f4tes-d&#8217;Armor<\/h2><div class=\"element section-title center bold\">for your vacations in bed and breakfast<\/div><div class=\"colonnes-wrap valign-top services\"><div class=\"element colonne white\"><div class=\"element bloc-text center \">\n\t<p><i class=\"gite-draps\"><\/i><br \/>\nBeds facts &#038;<br \/>\nlinen of<br \/>\ntoilet<\/p>\n<\/div><\/div><div class=\"element colonne \"><div class=\"element bloc-text center \">\n\t<p><i class=\"gite-the\"><\/i><br \/>\nBkettle<br \/>\ntea, coffee<\/p>\n<\/div><\/div><div class=\"element colonne \"><div class=\"element bloc-text center \">\n\t<p><i class=\"gite-petitdej\"><\/i><br \/>\nSmall<br \/>\nlunch<\/p>\n<\/div><\/div><div class=\"element colonne \"><div class=\"element bloc-text center \">\n\t<p><i class=\"gite-wifi\"><\/i><br \/>\nWifi<br \/>\n&#038; TV<\/p>\n<\/div><\/div><div class=\"element colonne \"><div class=\"element bloc-text center \">\n\t<p><i class=\"gite-parking\"><\/i><br \/>\nParking<br \/>\nat your disposal<\/p>\n<\/div><\/div><div class=\"element colonne \"><div class=\"element bloc-text center \">\n\t<p><i class=\"gite-animaux\"><\/i><br \/>\nAnimals<br \/>\naccepted<\/p>\n<\/div><\/div><\/div><\/div><\/section>\n\n<section id=\"section-5f69e4624b00d\"\" class=\"section third-home bg-white p-b-0\" \/><div class=\"container full\"><div class=\"colonnes-wrap valign-bottom \"><div class=\"element colonne p-10\"><h2 class=\"element section-title left\">Discover the C\u00f4tes-d&#8217;Armor in Brittany<\/h2><div class=\"element section-title left\">From the Pink Granite Coast to Tregor<\/div><div class=\"element bloc-text justify \">\n\t<p>Brittany is the French region with the longest coastline. From Cancale to Pornic, the coastline stretches for more than 2200km. Come and discover our region this Brittany (C\u00f4tes d&#8217;Armor, Finist\u00e8re, Ile et Vilaine, Morbihan) and more specifically the C\u00f4tes d&#8217;Armor, Tr\u00e9gor and the Pink Granite Coast. And Lannion, capital of the Tr\u00e9gor, the only Breton city that flows in gold. Here, no virtual, only real, Brittany is discovered, Brittany deserves itself.<\/p>\n<p>Come and see for yourself the beauty of our landscapes, in the opinion of many comparable to those of Corsica, the quality of our bathing water, the purity and limpidity of the sea and the air and perhaps even more so during storms. So there the spectacle is at its paroxysm. Come and breathe iodine, sea spray, the smell of seaweed and salinity at your lungs. Come and enjoy the sun (if there is any).<\/p>\n<\/div><a href=\"http:\/\/www.escapadebretonne.com\/en\/bed-and-breakfast-cote-darmor\/\" title=\"Discover the C\u00f4tes-d'Armor\" class=\"element bouton left\" ><span>Discover the C\u00f4tes-d&#8217;Armor<\/span><\/a><\/div><div class=\"element colonne \"><div class=\"element call-to-action \"><a href=\"https:\/\/www.escapadebretonne.com\/en\/bed-and-breakfast-cote-darmor\/\"  class=\"call-to-action_link\" title=\"Learn more about c\u00f4tes-d'armor\"><div class=\"call-to-action_image\"><img decoding=\"async\" src=\"https:\/\/www.escapadebretonne.com\/wp-content\/uploads\/2020\/10\/Bateaux-mer-bretagne-87x100.jpg\" data-src=\"https:\/\/www.escapadebretonne.com\/wp-content\/uploads\/2020\/10\/Bateaux-mer-bretagne.jpg\" alt=\"Bateaux mer bretagne\" class=\"big\" \/><\/div><div class=\"call-to-action_contenu\"><div class=\"call-to-action_titre\">C\u00f4tes-d&#8217;Armor<\/div><\/div><\/a><\/div><\/div><div class=\"element colonne \"><div class=\"element call-to-action \"><a href=\"https:\/\/www.escapadebretonne.com\/en\/bed-and-breakfast-granit-rose\/\"  class=\"call-to-action_link\" title=\"Learn more about pink granite coast\"><div class=\"call-to-action_image\"><img decoding=\"async\" src=\"https:\/\/www.escapadebretonne.com\/wp-content\/uploads\/2020\/10\/Granit-rose-87x100.jpg\" data-src=\"https:\/\/www.escapadebretonne.com\/wp-content\/uploads\/2020\/10\/Granit-rose.jpg\" alt=\"Grani rose\" class=\"big\" \/><\/div><div class=\"call-to-action_contenu\"><div class=\"call-to-action_titre\">Pink Granite Coast<\/div><\/div><\/a><\/div><\/div><\/div><\/div><\/section>","protected":false},"excerpt":{"rendered":"","protected":false},"author":1,"featured_media":764,"parent":0,"menu_order":0,"comment_status":"closed","ping_status":"closed","template":"","meta":{"_acf_changed":false,"footnotes":""},"class_list":["post-838","page","type-page","status-publish","has-post-thumbnail","hentry"],"acf":[],"yoast_head":"<!-- This site is optimized with the Yoast SEO plugin v25.3 - https:\/\/yoast.com\/wordpress\/plugins\/seo\/ -->\n<title>Bed and Breakfast in Lanion in Brittany | Chambre d&#039;h\u00f4tes C\u00f4tes-d&#039;Armor<\/title>\n<meta name=\"robots\" content=\"index, follow, max-snippet:-1, max-image-preview:large, max-video-preview:-1\" \/>\n<link rel=\"canonical\" href=\"https:\/\/www.escapadebretonne.com\/en\/\" \/>\n<meta property=\"og:locale\" content=\"en_US\" \/>\n<meta property=\"og:type\" content=\"article\" \/>\n<meta property=\"og:title\" content=\"Bed and Breakfast in Lanion in Brittany | Chambre d&#039;h\u00f4tes C\u00f4tes-d&#039;Armor\" \/>\n<meta property=\"og:url\" content=\"https:\/\/www.escapadebretonne.com\/en\/\" \/>\n<meta property=\"og:site_name\" content=\"Escapade Bretonne\" \/>\n<meta property=\"article:modified_time\" content=\"2020-10-16T09:32:49+00:00\" \/>\n<meta property=\"og:image\" content=\"https:\/\/www.escapadebretonne.com\/wp-content\/uploads\/2020\/10\/bretagne-cote-armor.jpg\" \/>\n\t<meta property=\"og:image:width\" content=\"1920\" \/>\n\t<meta property=\"og:image:height\" content=\"1080\" \/>\n\t<meta property=\"og:image:type\" content=\"image\/jpeg\" \/>\n<meta name=\"twitter:card\" content=\"summary_large_image\" \/>\n<script type=\"application\/ld+json\" class=\"yoast-schema-graph\">{\"@context\":\"https:\/\/schema.org\",\"@graph\":[{\"@type\":\"WebPage\",\"@id\":\"https:\/\/www.escapadebretonne.com\/en\/\",\"url\":\"https:\/\/www.escapadebretonne.com\/en\/\",\"name\":\"Bed and Breakfast in Lanion in Brittany | Chambre d'h\u00f4tes C\u00f4tes-d'Armor\",\"isPartOf\":{\"@id\":\"https:\/\/www.escapadebretonne.com\/en\/#website\"},\"primaryImageOfPage\":{\"@id\":\"https:\/\/www.escapadebretonne.com\/en\/#primaryimage\"},\"image\":{\"@id\":\"https:\/\/www.escapadebretonne.com\/en\/#primaryimage\"},\"thumbnailUrl\":\"https:\/\/www.escapadebretonne.com\/wp-content\/uploads\/2020\/10\/bretagne-cote-armor.jpg\",\"datePublished\":\"2020-09-22T07:37:10+00:00\",\"dateModified\":\"2020-10-16T09:32:49+00:00\",\"breadcrumb\":{\"@id\":\"https:\/\/www.escapadebretonne.com\/en\/#breadcrumb\"},\"inLanguage\":\"en-US\",\"potentialAction\":[{\"@type\":\"ReadAction\",\"target\":[\"https:\/\/www.escapadebretonne.com\/en\/\"]}]},{\"@type\":\"ImageObject\",\"inLanguage\":\"en-US\",\"@id\":\"https:\/\/www.escapadebretonne.com\/en\/#primaryimage\",\"url\":\"https:\/\/www.escapadebretonne.com\/wp-content\/uploads\/2020\/10\/bretagne-cote-armor.jpg\",\"contentUrl\":\"https:\/\/www.escapadebretonne.com\/wp-content\/uploads\/2020\/10\/bretagne-cote-armor.jpg\",\"width\":1920,\"height\":1080,\"caption\":\"bretagne cotes armor\"},{\"@type\":\"BreadcrumbList\",\"@id\":\"https:\/\/www.escapadebretonne.com\/en\/#breadcrumb\",\"itemListElement\":[{\"@type\":\"ListItem\",\"position\":1,\"name\":\"Bed and Breakfast Escapade Bretonne\",\"item\":\"https:\/\/www.escapadebretonne.com\/en\/\"},{\"@type\":\"ListItem\",\"position\":2,\"name\":\"Accueil\"}]},{\"@type\":\"WebSite\",\"@id\":\"https:\/\/www.escapadebretonne.com\/en\/#website\",\"url\":\"https:\/\/www.escapadebretonne.com\/en\/\",\"name\":\"Escapade Bretonne\",\"description\":\"\",\"potentialAction\":[{\"@type\":\"SearchAction\",\"target\":{\"@type\":\"EntryPoint\",\"urlTemplate\":\"https:\/\/www.escapadebretonne.com\/en\/?s={search_term_string}\"},\"query-input\":{\"@type\":\"PropertyValueSpecification\",\"valueRequired\":true,\"valueName\":\"search_term_string\"}}],\"inLanguage\":\"en-US\"}]}<\/script>\n<!-- \/ Yoast SEO plugin. -->","yoast_head_json":{"title":"Bed and Breakfast in Lanion in Brittany | Chambre d'h\u00f4tes C\u00f4tes-d'Armor","robots":{"index":"index","follow":"follow","max-snippet":"max-snippet:-1","max-image-preview":"max-image-preview:large","max-video-preview":"max-video-preview:-1"},"canonical":"https:\/\/www.escapadebretonne.com\/en\/","og_locale":"en_US","og_type":"article","og_title":"Bed and Breakfast in Lanion in Brittany | Chambre d'h\u00f4tes C\u00f4tes-d'Armor","og_url":"https:\/\/www.escapadebretonne.com\/en\/","og_site_name":"Escapade Bretonne","article_modified_time":"2020-10-16T09:32:49+00:00","og_image":[{"width":1920,"height":1080,"url":"https:\/\/www.escapadebretonne.com\/wp-content\/uploads\/2020\/10\/bretagne-cote-armor.jpg","type":"image\/jpeg"}],"twitter_card":"summary_large_image","schema":{"@context":"https:\/\/schema.org","@graph":[{"@type":"WebPage","@id":"https:\/\/www.escapadebretonne.com\/en\/","url":"https:\/\/www.escapadebretonne.com\/en\/","name":"Bed and Breakfast in Lanion in Brittany | Chambre d'h\u00f4tes C\u00f4tes-d'Armor","isPartOf":{"@id":"https:\/\/www.escapadebretonne.com\/en\/#website"},"primaryImageOfPage":{"@id":"https:\/\/www.escapadebretonne.com\/en\/#primaryimage"},"image":{"@id":"https:\/\/www.escapadebretonne.com\/en\/#primaryimage"},"thumbnailUrl":"https:\/\/www.escapadebretonne.com\/wp-content\/uploads\/2020\/10\/bretagne-cote-armor.jpg","datePublished":"2020-09-22T07:37:10+00:00","dateModified":"2020-10-16T09:32:49+00:00","breadcrumb":{"@id":"https:\/\/www.escapadebretonne.com\/en\/#breadcrumb"},"inLanguage":"en-US","potentialAction":[{"@type":"ReadAction","target":["https:\/\/www.escapadebretonne.com\/en\/"]}]},{"@type":"ImageObject","inLanguage":"en-US","@id":"https:\/\/www.escapadebretonne.com\/en\/#primaryimage","url":"https:\/\/www.escapadebretonne.com\/wp-content\/uploads\/2020\/10\/bretagne-cote-armor.jpg","contentUrl":"https:\/\/www.escapadebretonne.com\/wp-content\/uploads\/2020\/10\/bretagne-cote-armor.jpg","width":1920,"height":1080,"caption":"bretagne cotes armor"},{"@type":"BreadcrumbList","@id":"https:\/\/www.escapadebretonne.com\/en\/#breadcrumb","itemListElement":[{"@type":"ListItem","position":1,"name":"Bed and Breakfast Escapade Bretonne","item":"https:\/\/www.escapadebretonne.com\/en\/"},{"@type":"ListItem","position":2,"name":"Accueil"}]},{"@type":"WebSite","@id":"https:\/\/www.escapadebretonne.com\/en\/#website","url":"https:\/\/www.escapadebretonne.com\/en\/","name":"Escapade Bretonne","description":"","potentialAction":[{"@type":"SearchAction","target":{"@type":"EntryPoint","urlTemplate":"https:\/\/www.escapadebretonne.com\/en\/?s={search_term_string}"},"query-input":{"@type":"PropertyValueSpecification","valueRequired":true,"valueName":"search_term_string"}}],"inLanguage":"en-US"}]}},"_links":{"self":[{"href":"https:\/\/www.escapadebretonne.com\/en\/wp-json\/wp\/v2\/pages\/838"}],"collection":[{"href":"https:\/\/www.escapadebretonne.com\/en\/wp-json\/wp\/v2\/pages"}],"about":[{"href":"https:\/\/www.escapadebretonne.com\/en\/wp-json\/wp\/v2\/types\/page"}],"author":[{"embeddable":true,"href":"https:\/\/www.escapadebretonne.com\/en\/wp-json\/wp\/v2\/users\/1"}],"replies":[{"embeddable":true,"href":"https:\/\/www.escapadebretonne.com\/en\/wp-json\/wp\/v2\/comments?post=838"}],"version-history":[{"count":6,"href":"https:\/\/www.escapadebretonne.com\/en\/wp-json\/wp\/v2\/pages\/838\/revisions"}],"predecessor-version":[{"id":863,"href":"https:\/\/www.escapadebretonne.com\/en\/wp-json\/wp\/v2\/pages\/838\/revisions\/863"}],"wp:featuredmedia":[{"embeddable":true,"href":"https:\/\/www.escapadebretonne.com\/en\/wp-json\/wp\/v2\/media\/764"}],"wp:attachment":[{"href":"https:\/\/www.escapadebretonne.com\/en\/wp-json\/wp\/v2\/media?parent=838"}],"curies":[{"name":"wp","href":"https:\/\/api.w.org\/{rel}","templated":true}]}}